{"id":249,"date":"2024-06-26T14:58:14","date_gmt":"2024-06-26T12:58:14","guid":{"rendered":"http:\/\/srv60959.seohost.com.pl\/dimequesi\/?post_type=product&#038;p=249"},"modified":"2024-09-07T19:25:01","modified_gmt":"2024-09-07T17:25:01","slug":"poster-yo-soy","status":"publish","type":"product","link":"https:\/\/dimequesiacademy.com\/pl\/product\/poster-yo-soy\/","title":{"rendered":"PLAKAT ,,YO SOY\u2019\u2019 (Jestem\u2026)"},"content":{"rendered":"<p><span style=\"font-weight: 400;\">Uczy\u0144 swoj\u0105 przestrze\u0144 osobist\u0105 przytulniejsz\u0105 dzi\u0119ki naszemu inspiruj\u0105cemu plakatowi ,,Yo soy..\u2019\u2019, kt\u00f3ry codziennie b\u0119dzie Ci przypomina\u0107 o Twojej sile i wyj\u0105tkowo\u015bci.<\/span><\/p>\n<p><span style=\"font-weight: 400;\">Pami\u0119taj, \u017ce jest to produkt <\/span><b>DO POBRANIA<\/b><span style=\"font-weight: 400;\">. Po zakupie otrzymasz go na podany e-mail. Je\u015bli nie zobaczysz go w g\u0142\u00f3wnym folderze, sprawd\u017a folder SPAM.<\/span><\/p>\n<p><span style=\"font-weight: 400;\">Po pobraniu plakat mo\u017cna wydrukowa\u0107 samodzielnie lub w sklepie z us\u0142ugami drukarskimi. B\u0119dzie on r\u00f3wnie\u017c \u015bwietnym prezentem dla bliskiej osoby.<\/span><\/p>\n<p><b>\ud83d\udda4 CO OD NAS OTRZYMASZ? \ud83d\udda4<br \/>\n<\/b><span style=\"font-weight: 400;\">\u273f 1 plik do pobrania: obraz PNG (4961 x 7016 pikseli przy 300 dpi)<br \/>\n<\/span><span style=\"font-weight: 400;\">\u273f 1 plik do pobrania: obraz JPG (4961 x 7016 pikseli przy 300 dpi)<br \/>\n<\/span><span style=\"font-weight: 400;\">\u273f 1 plik do pobrania: dokument PDF<\/span><\/p>\n<p><b>ROZMIAR:<\/b><span style=\"font-weight: 400;\"> A2<br \/>\n<\/span><span style=\"font-weight: 400;\">Cm: 42,0 x 59,4<\/span><\/p>\n<p><b>Mo\u017cliwe opcje druku:<br \/>\n<\/b><span style=\"font-weight: 400;\">A2: 42,0 cm x 59,4 cm<br \/>\n<\/span><span style=\"font-weight: 400;\">A3: 29,7 cm x 42,0 cm<br \/>\n<\/span><span style=\"font-weight: 400;\">A4: 21,0 cm x 29,7 cm<br \/>\n<\/span><span style=\"font-weight: 400;\">A5: 14,8 cm x 21,0 cm<br \/>\n<\/span><span style=\"font-weight: 400;\">A6: 10,5 cm x 14,8 cm<br \/>\n<\/span><span style=\"font-weight: 400;\">A7: 7,4 cm x 10,5 cm<\/span><\/p>\n<p><b>\ud83d\udda4WA\u017bNE\ud83d\udda4<\/b><\/p>\n<p><span style=\"font-weight: 400;\">Jako\u015b\u0107 wydruku zale\u017cy od rodzaju u\u017cytej drukarki i papieru.<\/span><\/p>\n<p><span style=\"font-weight: 400;\">W zwi\u0105zku z tym, i\u017c produkt jest dost\u0119pny do natychmiastowego pobrania, nie jest mo\u017cliwy jego zwrot.<\/span><\/p>\n<p><span style=\"font-weight: 400;\">W celu uzyskania najlepszej jako\u015bci nie zaleca si\u0119 drukowania w rozmiarze\u00a0 wi\u0119kszym ni\u017c 42,0 x 59,4 cm.<\/span><\/p>\n<p><b>Produkt przeznaczony wy\u0142\u0105cznie do u\u017cytku osobistego. Nie do odsprzeda\u017cy.<\/b><\/p>\n","protected":false},"excerpt":{"rendered":"<p>Uczy\u0144 swoj\u0105 przestrze\u0144 osobist\u0105 przytulniejsz\u0105 dzi\u0119ki naszemu inspiruj\u0105cemu plakatowi ,,Yo soy..\u2019\u2019, kt\u00f3ry codziennie b\u0119dzie Ci przypomina\u0107 o Twojej sile i [&hellip;]<\/p>\n","protected":false},"featured_media":649,"template":"","meta":{"_uag_custom_page_level_css":"","site-sidebar-layout":"default","site-content-layout":"","ast-site-content-layout":"default","site-content-style":"default","site-sidebar-style":"default","ast-global-header-display":"","ast-banner-title-visibility":"","ast-main-header-display":"","ast-hfb-above-header-display":"","ast-hfb-below-header-display":"","ast-hfb-mobile-header-display":"","site-post-title":"","ast-breadcrumbs-content":"","ast-featured-img":"","footer-sml-layout":"","theme-transparent-header-meta":"default","adv-header-id-meta":"","stick-header-meta":"","header-above-stick-meta":"","header-main-stick-meta":"","header-below-stick-meta":"","astra-migrate-meta-layouts":"set","ast-page-background-enabled":"default","ast-page-background-meta":{"desktop":{"background-color":"var(--ast-global-color-4)","background-image":"","background-repeat":"repeat","background-position":"center center","background-size":"auto","background-attachment":"scroll","background-type":"","background-media":"","overlay-type":"","overlay-color":"","overlay-opacity":"","overlay-gradient":""},"tablet":{"background-color":"","background-image":"","background-repeat":"repeat","background-position":"center center","background-size":"auto","background-attachment":"scroll","background-type":"","background-media":"","overlay-type":"","overlay-color":"","overlay-opacity":"","overlay-gradient":""},"mobile":{"background-color":"","background-image":"","background-repeat":"repeat","background-position":"center center","background-size":"auto","background-attachment":"scroll","background-type":"","background-media":"","overlay-type":"","overlay-color":"","overlay-opacity":"","overlay-gradient":""}},"ast-content-background-meta":{"desktop":{"background-color":"var(--ast-global-color-5)","background-image":"","background-repeat":"repeat","background-position":"center center","background-size":"auto","background-attachment":"scroll","background-type":"","background-media":"","overlay-type":"","overlay-color":"","overlay-opacity":"","overlay-gradient":""},"tablet":{"background-color":"var(--ast-global-color-5)","background-image":"","background-repeat":"repeat","background-position":"center center","background-size":"auto","background-attachment":"scroll","background-type":"","background-media":"","overlay-type":"","overlay-color":"","overlay-opacity":"","overlay-gradient":""},"mobile":{"background-color":"var(--ast-global-color-5)","background-image":"","background-repeat":"repeat","background-position":"center center","background-size":"auto","background-attachment":"scroll","background-type":"","background-media":"","overlay-type":"","overlay-color":"","overlay-opacity":"","overlay-gradient":""}}},"product_brand":[],"product_cat":[29],"product_tag":[],"class_list":{"0":"post-249","1":"product","2":"type-product","3":"status-publish","4":"has-post-thumbnail","6":"product_cat-plakaty","7":"desktop-align-left","8":"tablet-align-left","9":"mobile-align-left","11":"first","12":"instock","13":"downloadable","14":"virtual","15":"purchasable","16":"product-type-simple"},"uagb_featured_image_src":{"full":["https:\/\/dimequesiacademy.com\/wp-content\/uploads\/2024\/07\/reklama-plakat-yo-soy-2.jpg",3359,4750,false],"thumbnail":["https:\/\/dimequesiacademy.com\/wp-content\/uploads\/2024\/07\/reklama-plakat-yo-soy-2-150x150.jpg",150,150,true],"medium":["https:\/\/dimequesiacademy.com\/wp-content\/uploads\/2024\/07\/reklama-plakat-yo-soy-2-212x300.jpg",212,300,true],"medium_large":["https:\/\/dimequesiacademy.com\/wp-content\/uploads\/2024\/07\/reklama-plakat-yo-soy-2-768x1086.jpg",768,1086,true],"large":["https:\/\/dimequesiacademy.com\/wp-content\/uploads\/2024\/07\/reklama-plakat-yo-soy-2-724x1024.jpg",724,1024,true],"1536x1536":["https:\/\/dimequesiacademy.com\/wp-content\/uploads\/2024\/07\/reklama-plakat-yo-soy-2-1086x1536.jpg",1086,1536,true],"2048x2048":["https:\/\/dimequesiacademy.com\/wp-content\/uploads\/2024\/07\/reklama-plakat-yo-soy-2-1448x2048.jpg",1448,2048,true],"woocommerce_thumbnail":["https:\/\/dimequesiacademy.com\/wp-content\/uploads\/2024\/07\/reklama-plakat-yo-soy-2-300x300.jpg",300,300,true],"woocommerce_single":["https:\/\/dimequesiacademy.com\/wp-content\/uploads\/2024\/07\/reklama-plakat-yo-soy-2-600x848.jpg",600,848,true],"woocommerce_gallery_thumbnail":["https:\/\/dimequesiacademy.com\/wp-content\/uploads\/2024\/07\/reklama-plakat-yo-soy-2-100x100.jpg",100,100,true]},"uagb_author_info":{"display_name":"dimequesiAdmin","author_link":"https:\/\/dimequesiacademy.com\/pl\/author\/"},"uagb_comment_info":0,"uagb_excerpt":"Uczy\u0144 swoj\u0105 przestrze\u0144 osobist\u0105 przytulniejsz\u0105 dzi\u0119ki naszemu inspiruj\u0105cemu plakatowi ,,Yo soy..\u2019\u2019, kt\u00f3ry codziennie b\u0119dzie Ci przypomina\u0107 o Twojej sile i [&hellip;]","_links":{"self":[{"href":"https:\/\/dimequesiacademy.com\/pl\/wp-json\/wp\/v2\/product\/249","targetHints":{"allow":["GET"]}}],"collection":[{"href":"https:\/\/dimequesiacademy.com\/pl\/wp-json\/wp\/v2\/product"}],"about":[{"href":"https:\/\/dimequesiacademy.com\/pl\/wp-json\/wp\/v2\/types\/product"}],"wp:featuredmedia":[{"embeddable":true,"href":"https:\/\/dimequesiacademy.com\/pl\/wp-json\/wp\/v2\/media\/649"}],"wp:attachment":[{"href":"https:\/\/dimequesiacademy.com\/pl\/wp-json\/wp\/v2\/media?parent=249"}],"wp:term":[{"taxonomy":"product_brand","embeddable":true,"href":"https:\/\/dimequesiacademy.com\/pl\/wp-json\/wp\/v2\/product_brand?post=249"},{"taxonomy":"product_cat","embeddable":true,"href":"https:\/\/dimequesiacademy.com\/pl\/wp-json\/wp\/v2\/product_cat?post=249"},{"taxonomy":"product_tag","embeddable":true,"href":"https:\/\/dimequesiacademy.com\/pl\/wp-json\/wp\/v2\/product_tag?post=249"}],"curies":[{"name":"wp","href":"https:\/\/api.w.org\/{rel}","templated":true}]}}